{"id":85,"date":"2022-10-05T18:17:17","date_gmt":"2022-10-05T17:17:17","guid":{"rendered":"https:\/\/digeucit.wordpress.com\/?page_id=85"},"modified":"2023-05-30T10:56:30","modified_gmt":"2023-05-30T10:56:30","slug":"modulos-jean-monnet","status":"publish","type":"page","link":"https:\/\/direito.up.pt\/digeucit\/modulos-jean-monnet\/","title":{"rendered":"M\u00f3dulos Jean Monnet"},"content":{"rendered":"<div class=\"wp-block-image\">\n<figure class=\"aligncenter is-resized\"><img loading=\"lazy\" decoding=\"async\" src=\"https:\/\/direito.up.pt\/digeucit\/wp-content\/uploads\/sites\/968\/2022\/10\/imagem1.jpg?w=567\" alt=\"\" class=\"wp-image-120\" width=\"559\" height=\"200\"\/><figcaption class=\"wp-element-caption\">A\u00e7\u00f5es Jean Monnet no \u00e2mbito do programa Erasmus+<\/figcaption><\/figure>\n<\/div>\n\n\n<div style=\"height:40px\" aria-hidden=\"true\" class=\"wp-block-spacer\"><\/div>\n\n\n<div class=\"wp-block-aioseo-table-of-contents\"><ul><li><a class=\"aioseo-toc-item\" href=\"#o-que-sao-as-acoes-jean-monnet\">O que s\u00e3o as A\u00e7\u00f5es Jean Monnet?<\/a><\/li><li><a class=\"aioseo-toc-item\" href=\"#o-que-sao-os-modulos-jean-monnet\">O que s\u00e3o os m\u00f3dulos Jean Monnet?<\/a><\/li><li><a class=\"aioseo-toc-item\" href=\"#quais-sao-os-objetivos-dos-modulos-jean-monnet\">Quais s\u00e3o os objetivos dos m\u00f3dulos Jean Monnet?<\/a><\/li><li><a class=\"aioseo-toc-item\" href=\"#como-sao-financiados-os-modulos-jean-monnet\">Como s\u00e3o financiados os m\u00f3dulos Jean Monnet?<\/a><\/li><li><a class=\"aioseo-toc-item\" href=\"#quais-sao-os-criterios-de-atribuicao-dos-modulos-jean-monnet\">Quais s\u00e3o os crit\u00e9rios de atribui\u00e7\u00e3o dos m\u00f3dulos Jean Monnet?<\/a><\/li><li><a class=\"aioseo-toc-item\" href=\"#o-que-e-o-programa-erasmus\">O que \u00e9 o programa Erasmus+?<\/a><\/li><\/ul><\/div>\n\n\n<div style=\"height:40px\" aria-hidden=\"true\" class=\"wp-block-spacer\"><\/div>\n\n\n\n<h3 class=\"wp-block-heading\" id=\"o-que-sao-as-acoes-jean-monnet\" style=\"text-transform:uppercase\">O que s\u00e3o as A\u00e7\u00f5es Jean Monnet?<\/h3>\n\n\n\n<p class=\"has-text-align-justify\" style=\"font-size:16px\">As a\u00e7\u00f5es Jean Monnet no setor do ensino superior apoiam o ensino e a investiga\u00e7\u00e3o no dom\u00ednio dos estudos sobre a Uni\u00e3o Europeia a n\u00edvel mundial. <\/p>\n\n\n\n<p class=\"has-text-align-justify\" style=\"font-size:16px\">Por \u00abestudos sobre a Uni\u00e3o Europeia\u00bb, entende-se o estudo da Europa na sua totalidade, com especial destaque para a dimens\u00e3o da UE, a partir de uma perspetiva interna e tamb\u00e9m global. O \u00e2mbito dos estudos sobre a UE pode ser diversificado, desde que seja explorada a perspetiva da UE. <\/p>\n\n\n\n<p class=\"has-text-align-justify\" style=\"font-size:16px\">Os estudos sobre a UE devem promover a cidadania ativa e os valores europeus, bem como abordar o papel da UE num mundo globalizado, fomentando a sensibiliza\u00e7\u00e3o para as  quest\u00f5es da Uni\u00e3o e facilitando o empenho futuro e um di\u00e1logo interpessoal.<\/p>\n\n\n\n<p class=\"has-text-align-justify\" style=\"font-size:16px\">A a\u00e7\u00e3o Jean Monnet visa ainda servir de ve\u00edculo de diplomacia p\u00fablica junto dos pa\u00edses terceiros, promovendo os valores da UE e melhorando a visibilidade daquilo que a Uni\u00e3o Europeia representa e procura alcan\u00e7ar.<\/p>\n\n\n\n<p class=\"has-text-align-justify\" style=\"font-size:16px\">As a\u00e7\u00f5es Jean Monnet \u00abEnsino e Investiga\u00e7\u00e3o\u00bb t\u00eam de assumir uma das seguintes formas: <\/p>\n\n\n\n<ul class=\"wp-block-list\">\n<li>M\u00f3dulos;<\/li>\n\n\n\n<li>C\u00e1tedras; <\/li>\n\n\n\n<li>Centros de excel\u00eancia.<\/li>\n<\/ul>\n\n\n\n<div style=\"height:40px\" aria-hidden=\"true\" class=\"wp-block-spacer\"><\/div>\n\n\n\n<h3 class=\"wp-block-heading\" id=\"o-que-sao-os-modulos-jean-monnet\" style=\"text-transform:uppercase\">O que s\u00e3o os m\u00f3dulos Jean Monnet? <\/h3>\n\n\n\n<p class=\"has-text-align-justify\" style=\"font-size:16px\">Os m\u00f3dulos Jean Monnet s\u00e3o <strong>programas de ensino ou cursos de curta dura\u00e7\u00e3o no dom\u00ednio dos estudos da Uni\u00e3o Europeia<\/strong>, por regra realizados numa institui\u00e7\u00e3o de ensino superior. Os m\u00f3dulos podem centrar-se numa disciplina em particular ou adotar uma abordagem multidisciplinar. <\/p>\n\n\n\n<p class=\"has-text-align-justify\" style=\"font-size:16px\">Os m\u00f3dulos podem centrar-se numa disciplina espec\u00edfica de Estudos Europeus ou podem ter uma estrat\u00e9gia multidisciplinar, exigindo, para o efeito, o contributo acad\u00e9mico de v\u00e1rios professores do ensino superior e especialistas. Podem tamb\u00e9m assumir a forma de programas curtos especializados ou de ver\u00e3o.<\/p>\n\n\n\n<p class=\"has-text-align-justify\" style=\"font-size:16px\">Cada m\u00f3dulo Jean Monnet prolonga-se por <strong>tr\u00eas anos<\/strong>, com a dura\u00e7\u00e3o m\u00ednima de 40 horas de ensino por ano letivo na institui\u00e7\u00e3o de ensino superior de acolhimento. As horas de ensino incluem o tempo de contacto direto com os estudantes, no contexto de aula, cursos, semin\u00e1rios, tutoriais, em formato presencial ou \u00e0 dist\u00e2ncia. <\/p>\n\n\n\n<div style=\"height:40px\" aria-hidden=\"true\" class=\"wp-block-spacer\"><\/div>\n\n\n\n<h3 class=\"wp-block-heading\" id=\"quais-sao-os-objetivos-dos-modulos-jean-monnet\" style=\"text-transform:uppercase\">Quais s\u00e3o os objetivos dos m\u00f3dulos Jean Monnet? <\/h3>\n\n\n\n<p style=\"font-size:16px\">Os m\u00f3dulos Jean Monnet tem como objetivo: <\/p>\n\n\n\n<ul class=\"wp-block-list\">\n<li>Promover a excel\u00eancia no ensino e na investiga\u00e7\u00e3o no dom\u00ednio dos estudos sobre a Uni\u00e3o Europeia a n\u00edvel mundial; <\/li>\n\n\n\n<li>Incentivar o di\u00e1logo entre o mundo acad\u00e9mico e a sociedade, nomeadamente decisores pol\u00edticos locais e regionais, funcion\u00e1rios p\u00fablicos, intervenientes da sociedade civil, representantes dos diferentes n\u00edveis da educa\u00e7\u00e3o e dos meios de comunica\u00e7\u00e3o social; <\/li>\n\n\n\n<li>Gerar conhecimento e ideias para apoiar os decisores pol\u00edticos da UE e refor\u00e7ar o papel da UE na Europa e num mundo globalizado; <\/li>\n\n\n\n<li>Chegar ao grande p\u00fablico e difundir informa\u00e7\u00e3o sobre a Uni\u00e3o Europeia na sociedade em geral (para al\u00e9m do mundo acad\u00e9mico e audi\u00eancias especializadas), aproximando a UE do p\u00fablico. <\/li>\n<\/ul>\n\n\n\n<div style=\"height:40px\" aria-hidden=\"true\" class=\"wp-block-spacer\"><\/div>\n\n\n\n<h3 class=\"wp-block-heading\" id=\"como-sao-financiados-os-modulos-jean-monnet\" style=\"text-transform:uppercase\">Como s\u00e3o financiados os m\u00f3dulos Jean Monnet?<\/h3>\n\n\n\n<p class=\"has-text-align-justify\" style=\"font-size:16px\">Os m\u00f3dulos Jean Monnet, assim como as restantes a\u00e7\u00f5es Jean Monnet, s\u00e3o co-financiadas pelo programa Erasmus+. <\/p>\n\n\n\n<p class=\"has-text-align-justify\" style=\"font-size:16px\">Podem candidatar-se ao financimento as institui\u00e7\u00f5es de ensino superior estabelecidas em qualquer pa\u00eds do mundo. <\/p>\n\n\n\n<p style=\"font-size:16px\">O montante m\u00e1ximo do financiamento \u00e9 de 30.000,00 Euros. <\/p>\n\n\n\n<div style=\"height:40px\" aria-hidden=\"true\" class=\"wp-block-spacer\"><\/div>\n\n\n\n<h3 class=\"wp-block-heading\" id=\"quais-sao-os-criterios-de-atribuicao-dos-modulos-jean-monnet\" style=\"text-transform:uppercase\">Quais s\u00e3o os crit\u00e9rios de atribui\u00e7\u00e3o dos m\u00f3dulos Jean Monnet? <\/h3>\n\n\n\n<p style=\"font-size:16px\">S\u00e3o aplic\u00e1veis os seguintes crit\u00e9rios de atribui\u00e7\u00e3o aos m\u00f3dulos Jean Monnet: <\/p>\n\n\n\n<p class=\"has-medium-font-size\"><strong>Relev\u00e2ncia do projeto (m\u00e1ximo 25 pontos): <\/strong><\/p>\n\n\n\n<ul class=\"wp-block-list\">\n<li>Em que medida a proposta cumpre os objetivos da a\u00e7\u00e3o Jean Monnet: \n<ul class=\"wp-block-list\">\n<li>aborda os estudos sobre a UE;<\/li>\n\n\n\n<li>incentiva o di\u00e1logo entre o mundo acad\u00e9mico e a sociedade, nomeadamente decisores pol\u00edticos locais e regionais, funcion\u00e1rios p\u00fablicos, intervenientes da sociedade civil, representantes dos diferentes n\u00edveis da educa\u00e7\u00e3o e dos meios de comunica\u00e7\u00e3o social;<\/li>\n\n\n\n<li>gera conhecimento e perspetivas que permitam apoiar a elabora\u00e7\u00e3o de pol\u00edticas da UE e refor\u00e7ar o papel da UE num mundo globalizado;<\/li>\n\n\n\n<li>inclui um trabalho ativo e educativo de sensibiliza\u00e7\u00e3o, que difunda informa\u00e7\u00e3o sobre temas da UE na sociedade em geral (para al\u00e9m do mundo acad\u00e9mico e audi\u00eancias especializadas) e que aproxime a UE do p\u00fablico.<\/li>\n<\/ul>\n<\/li>\n\n\n\n<li>Em que medida a proposta alcan\u00e7a os grupos-alvo priorit\u00e1rios: \n\n\n\n\n\n\n\n\n\n\n\n\n\n\n\n\n\n\n\n\n\n\n<ul class=\"wp-block-list\">\n<li>Os estudantes do ensino superior de estudos sobre a Uni\u00e3o Europeia; <\/li>\n\n\n\n<li>Os estudantes do ensino superior que n\u00e3o contactam de forma autom\u00e1tica com os estudos sobre a UE; <\/li>\n<\/ul>\n\n\n\n<ul class=\"wp-block-list\">\n<li>No que se refere aos Pa\u00edses Parceiros Erasmus+, o potencial para refor\u00e7ar a diplomacia p\u00fablica da UE. <\/li>\n<\/ul>\n<\/li>\n<\/ul>\n\n\n\n<p style=\"font-size:16px\"><strong>Qualidade da conce\u00e7\u00e3o e da execu\u00e7\u00e3o do projeto (m\u00e1ximo 25 pontos): <\/strong><\/p>\n\n\n\n<ul class=\"wp-block-list\">\n<li>Metodologia: qualidade, novidade e visibilidade do pr\u00f3prio projeto e viabilidade da metodologia proposta; <\/li>\n\n\n\n<li>A medida em que o programa de trabalho: \n<ul class=\"wp-block-list\">\n<li>\u00e9 apresentado de forma clara, completa e coerente, tomando o devido cuidade de apresentar o adequado planeamento das fases de prepara\u00e7\u00e3o, execu\u00e7\u00e3o e avalia\u00e7\u00e3o, acompanhamento e dissemina\u00e7\u00e3o; <\/li>\n\n\n\n<li>revela coer\u00eancia com os objetivos e as atividades do projeto; <\/li>\n<\/ul>\n<\/li>\n\n\n\n<li>Estrat\u00e9gia de monitoriza\u00e7\u00e3o e avalia\u00e7\u00e3o. <\/li>\n<\/ul>\n\n\n\n<p style=\"font-size:16px\"><strong>Qualidade da parceria e dos mecanismos de coopera\u00e7\u00e3o <strong>(m\u00e1ximo 25 pontos)<\/strong>: <\/strong><\/p>\n\n\n\n<ul class=\"wp-block-list\">\n<li>N\u00edvel de compet\u00eancia e valor acrescentado da equipa: pertin\u00eancia  e complementaridade do perfil e dos conhecimentos especializados do pessoal de relevo envolvido nas atividades propostas (tanto nos dom\u00ednios acad\u00e9micos como n\u00e3o acad\u00e9micos, se for o caso) quanto aos estudos sobre a Uni\u00e3o Europeia (tal como descritos no par\u00e1grafo introdut\u00f3rio) e quanto ao tema espec\u00edfico abordado na proposta.<\/li>\n<\/ul>\n\n\n\n<p style=\"font-size:16px\"><strong>Impacto <strong>(m\u00e1ximo 25 pontos)<\/strong>: <\/strong><\/p>\n\n\n\n<ul class=\"wp-block-list\">\n<li>O impacto previsto do projeto em termos de efeitos duradouros: \n<ul class=\"wp-block-list\">\n<li>na institui\u00e7\u00e3o que recebe a a\u00e7\u00e3o Jean Monnet; <\/li>\n\n\n\n<li>no estudantes e formandos que beneficiam da a\u00e7\u00e3o Jean Monnet; \n<ul class=\"wp-block-list\">\n<li>programas curriculares melhorados ou inovadores;<\/li>\n\n\n\n<li>o maior capacidade para atrair estudantes de excel\u00eancia;<\/li>\n\n\n\n<li>o refor\u00e7o da colabora\u00e7\u00e3o com parceiros de outros pa\u00edses;<\/li>\n\n\n\n<li>o maior afeta\u00e7\u00e3o de recursos financeiros ao ensino e \u00e0 investiga\u00e7\u00e3o sobre temas da UE no \u00e2mbito das institui\u00e7\u00f5es;<\/li>\n\n\n\n<li>o maior capacidade para ensinar e investigar sobre temas da UE.<\/li>\n<\/ul>\n<\/li>\n\n\n\n<li>noutras organiza\u00e7\u00f5es e indiv\u00edduos a n\u00edvel local, regional, nacional e\/ou europeu. <\/li>\n<\/ul>\n<\/li>\n\n\n\n<li>Dissemina\u00e7\u00e3o e comunica\u00e7\u00e3o: \n<ul class=\"wp-block-list\">\n<li>A adequa\u00e7\u00e3o e qualidade das medidas que visam disseminar os resultados das atividades dentro e fora da institui\u00e7\u00e3o que recebe a a\u00e7\u00e3o Jean Monnet:\n<ul class=\"wp-block-list\">\n<li>passa-palavra;<\/li>\n\n\n\n<li>o sensibiliza\u00e7\u00e3o para os projetos e resultados, aumentando a visibilidade dos participantes e organiza\u00e7\u00f5es;<\/li>\n\n\n\n<li>o alcance de grupos fora das institui\u00e7\u00f5es de ensino superior;<\/li>\n\n\n\n<li>o transferibilidade e convers\u00e3o em novas pol\u00edticas e pr\u00e1ticas melhoradas.<\/li>\n<\/ul>\n<\/li>\n\n\n\n<li>A medida em que as ferramentas de dissemina\u00e7\u00e3o previstas alcan\u00e7ar\u00e3o o p\u00fablico-alvo atrav\u00e9s de: \n<ul class=\"wp-block-list\">\n<li>exposi\u00e7\u00e3o medi\u00e1tica (incluindo redes sociais, publica\u00e7\u00f5es, etc.); <\/li>\n\n\n\n<li>eventos. <\/li>\n<\/ul>\n<\/li>\n\n\n\n<li>Sustentatibilidade e continua\u00e7\u00e3o: a proposta prev\u00ea medidas e recursos adequados para assegurar que os resultados e benef\u00edcios do projeto perdurar\u00e3o para al\u00e9m do per\u00edodo de vig\u00eancia do projeto. <\/li>\n<\/ul>\n<\/li>\n<\/ul>\n\n\n\n<p class=\"has-text-align-justify\" style=\"font-size:16px\"><strong>A fim de serem consideradas para financiamento, as propostas devem obter, no m\u00ednimo, um total de 70 pontos e 15 pontos em cada crit\u00e9rio de atribui\u00e7\u00e3o.<\/strong> As propostas dentro do mesmo t\u00f3pico que estejam em situa\u00e7\u00e3o de empate obter\u00e3o prioridade de acordo com as pontua\u00e7\u00f5es que lhes tenham sido atribu\u00eddas para os crit\u00e9rios de atribui\u00e7\u00e3o \u00abrelev\u00e2ncia do projeto\u00bb e depois \u00abimpacto\u00bb.<\/p>\n\n\n\n<p style=\"font-size:16px\">Pode conhecer <a href=\"https:\/\/direito.up.pt\/digeucit\/digeucit\/\" title=\"\">aqui<\/a> os resultados da avalia\u00e7\u00e3o do Projeto <strong>Dig<em>Eu<\/em>Cit<\/strong>. <\/p>\n\n\n\n<div style=\"height:40px\" aria-hidden=\"true\" class=\"wp-block-spacer\"><\/div>\n\n\n\n<h3 class=\"wp-block-heading\" id=\"o-que-e-o-programa-erasmus\" style=\"text-transform:uppercase\">O que \u00e9 o programa Erasmus+?<\/h3>\n\n\n\n<p class=\"has-text-align-justify\" style=\"font-size:16px\">O Erasmus+ \u00e9 o programa da UE nos dom\u00ednios da educa\u00e7\u00e3o, da forma\u00e7\u00e3o, da juventude e do desporto para o per\u00edodo de 2021-2027. A educa\u00e7\u00e3o, a forma\u00e7\u00e3o, a juventude e o desporto s\u00e3o dom\u00ednios fundamentais que apoiam os cidad\u00e3os no seu desenvolvimento pessoal e profissional. Em \u00faltima an\u00e1lise, quando o ensino e a forma\u00e7\u00e3o, bem como a aprendizagem informal e n\u00e3o formal, s\u00e3o inclusivos e de elevada qualidade, proporcionam aos jovens e aos<br>participantes de todas as idades as qualifica\u00e7\u00f5es e aptid\u00f5es necess\u00e1rias para que participem de forma significativa na sociedade democr\u00e1tica, na compreens\u00e3o intercultural e numa transi\u00e7\u00e3o bem-sucedida para o mercado de trabalho.<\/p>\n\n\n\n<p class=\"has-text-align-justify\" style=\"font-size:16px\">Com base no \u00eaxito do programa no per\u00edodo de 2014-2020, o Erasmus+ intensifica os seus esfor\u00e7os para aumentar as oportunidades oferecidas a mais participantes e a um leque mais vasto de organiza\u00e7\u00f5es, centrando-se no seu impacto qualitativo e contribuindo para sociedades mais inclusivas e coesas, mais ecol\u00f3gicas e preparadas para a era digital.<\/p>\n\n\n\n<p class=\"has-text-align-justify\" style=\"font-size:16px\">O objetivo geral do programa consiste em apoiar, atrav\u00e9s da aprendizagem ao longo da vida, o desenvolvimento educativo, profissional e pessoal das pessoas nos dom\u00ednios da educa\u00e7\u00e3o, da forma\u00e7\u00e3o, da juventude e do desporto na Europa e mais al\u00e9m, contribuindo assim para o crescimento sustent\u00e1vel, o emprego de qualidade e a coes\u00e3o social, bem como para  impulsionar a inova\u00e7\u00e3o e refor\u00e7ar a identidade europeia e a cidadania ativa. Assim, o programa \u00e9 um instrumento fundamental para a constru\u00e7\u00e3o de um Espa\u00e7o Europeu da Educa\u00e7\u00e3o, ao promover a coopera\u00e7\u00e3o estrat\u00e9gica europeia no dom\u00ednio do ensino e forma\u00e7\u00e3o, e as respetivas agendas setoriais, fazendo progredir a coopera\u00e7\u00e3o pol\u00edtica para a juventude ao abrigo da Estrat\u00e9gia da UE para a Juventude 2019-2027 e promovendo a<br>dimens\u00e3o europeia no desporto.<\/p>\n\n\n\n<hr class=\"wp-block-separator has-alpha-channel-opacity\"\/>\n\n\n\n<p class=\"has-text-align-justify has-medium-font-size\"><strong><mark style=\"background-color:rgba(0, 0, 0, 0)\" class=\"has-inline-color has-black-color\">Para saber mais sobre os m\u00f3dulos e a\u00e7\u00f5es Jean Monnet, no \u00e2mbito do programa Erasmus+, consulte o <em>website <\/em>da Comiss\u00e3o Europeia: <\/mark><\/strong><\/p>\n\n\n\n<div class=\"wp-block-buttons alignwide is-layout-flex wp-block-buttons-is-layout-flex\">\n<div class=\"wp-block-button has-custom-width wp-block-button__width-50 aligncenter is-style-fill\"><a class=\"wp-block-button__link has-background wp-element-button\" href=\"https:\/\/erasmus-plus.ec.europa.eu\/pt-pt\/opportunities\/opportunities-for-organisations\/jean-monnet-actions\" style=\"background-color:#e96656\" target=\"_blank\" rel=\"noreferrer noopener\">ERASMUS+ \/\/ A\u00c7\u00d5ES JEAN MONNET<\/a><\/div>\n<\/div>\n\n\n\n<div style=\"height:100px\" aria-hidden=\"true\" class=\"wp-block-spacer\"><\/div>\n","protected":false},"excerpt":{"rendered":"<p>O que s\u00e3o as A\u00e7\u00f5es Jean Monnet? As a\u00e7\u00f5es Jean Monnet no setor do ensino superior apoiam o ensino e a investiga\u00e7\u00e3o no dom\u00ednio dos estudos sobre a Uni\u00e3o Europeia a n\u00edvel mundial. Por \u00abestudos sobre a Uni\u00e3o Europeia\u00bb, entende-se o estudo da Europa na sua totalidade, com especial destaque para a dimens\u00e3o da UE,&hellip;&nbsp;<a href=\"https:\/\/direito.up.pt\/digeucit\/modulos-jean-monnet\/\" rel=\"bookmark\">Ler mais &raquo;<span class=\"screen-reader-text\">M\u00f3dulos Jean Monnet<\/span><\/a><\/p>\n","protected":false},"author":1763,"featured_media":0,"parent":0,"menu_order":0,"comment_status":"closed","ping_status":"closed","template":"","meta":{"neve_meta_sidebar":"","neve_meta_container":"","neve_meta_enable_content_width":"","neve_meta_content_width":0,"neve_meta_title_alignment":"","neve_meta_author_avatar":"","neve_post_elements_order":"","neve_meta_disable_header":"","neve_meta_disable_footer":"","neve_meta_disable_title":"","footnotes":""},"class_list":["post-85","page","type-page","status-publish","hentry"],"aioseo_notices":[],"_links":{"self":[{"href":"https:\/\/direito.up.pt\/digeucit\/wp-json\/wp\/v2\/pages\/85","targetHints":{"allow":["GET"]}}],"collection":[{"href":"https:\/\/direito.up.pt\/digeucit\/wp-json\/wp\/v2\/pages"}],"about":[{"href":"https:\/\/direito.up.pt\/digeucit\/wp-json\/wp\/v2\/types\/page"}],"author":[{"embeddable":true,"href":"https:\/\/direito.up.pt\/digeucit\/wp-json\/wp\/v2\/users\/1763"}],"replies":[{"embeddable":true,"href":"https:\/\/direito.up.pt\/digeucit\/wp-json\/wp\/v2\/comments?post=85"}],"version-history":[{"count":8,"href":"https:\/\/direito.up.pt\/digeucit\/wp-json\/wp\/v2\/pages\/85\/revisions"}],"predecessor-version":[{"id":2026,"href":"https:\/\/direito.up.pt\/digeucit\/wp-json\/wp\/v2\/pages\/85\/revisions\/2026"}],"wp:attachment":[{"href":"https:\/\/direito.up.pt\/digeucit\/wp-json\/wp\/v2\/media?parent=85"}],"curies":[{"name":"wp","href":"https:\/\/api.w.org\/{rel}","templated":true}]}}